{"id":915,"date":"2020-04-30T18:54:00","date_gmt":"2020-04-30T21:54:00","guid":{"rendered":"https:\/\/www.sublimadosaiki.com.ar\/?post_type=product&#038;p=915"},"modified":"2022-05-09T13:45:26","modified_gmt":"2022-05-09T16:45:26","slug":"remeras-algodon-cumpleanos-unisex-ninos","status":"publish","type":"product","link":"https:\/\/www.sublimadosaiki.com.ar\/store\/producto\/remeras-algodon-cumpleanos-unisex-ninos\/","title":{"rendered":"REMERAS ALGOD\u00d3N CUMPLEA\u00d1OS UNISEX NI\u00d1OS"},"content":{"rendered":"<p><img fetchpriority=\"high\" decoding=\"async\" class=\"alignnone size-medium wp-image-916\" src=\"https:\/\/www.sublimadosaiki.com.ar\/wp-content\/uploads\/2020\/04\/remeras-de-algodon-5-300x200.png\" alt=\"\" width=\"300\" height=\"200\" srcset=\"https:\/\/www.sublimadosaiki.com.ar\/store\/wp-content\/uploads\/2020\/04\/remeras-de-algodon-5-300x200.png 300w, https:\/\/www.sublimadosaiki.com.ar\/store\/wp-content\/uploads\/2020\/04\/remeras-de-algodon-5-600x400.png 600w, https:\/\/www.sublimadosaiki.com.ar\/store\/wp-content\/uploads\/2020\/04\/remeras-de-algodon-5-1024x683.png 1024w, https:\/\/www.sublimadosaiki.com.ar\/store\/wp-content\/uploads\/2020\/04\/remeras-de-algodon-5-768x512.png 768w, https:\/\/www.sublimadosaiki.com.ar\/store\/wp-content\/uploads\/2020\/04\/remeras-de-algodon-5-1536x1024.png 1536w, https:\/\/www.sublimadosaiki.com.ar\/store\/wp-content\/uploads\/2020\/04\/remeras-de-algodon-5-2048x1365.png 2048w\" sizes=\"(max-width: 300px) 100vw, 300px\" \/><\/p>\n","protected":false},"excerpt":{"rendered":"<p>REMERA ALGODON NI\u00d1O , SOLICITAR COLORES DISPONIBLES. EL MES , FRASE Y DIBUJO EL QUE QUIERAS. LA ESTAMPA ES SISTEMA DTG, FUL COLOR , COLORES VIVOS IDEAL PARA LOS CUMP,ES DE ESTA \u00c9POCA. TE DAMOS INSTRUCCIONE SPARA SU CUIDADO, LA ESTAMPA AL LAVARLA NO SE SALE.<\/p>\n","protected":false},"featured_media":916,"comment_status":"open","ping_status":"closed","template":"","meta":{"_joinchat":[]},"product_brand":[],"product_cat":[78],"product_tag":[],"class_list":{"0":"post-915","1":"product","2":"type-product","3":"status-publish","4":"has-post-thumbnail","6":"product_cat-remeras-algodon-cumpleanos-ninos","8":"first","9":"instock","10":"taxable","11":"shipping-taxable","12":"product-type-simple"},"_links":{"self":[{"href":"https:\/\/www.sublimadosaiki.com.ar\/store\/wp-json\/wp\/v2\/product\/915","targetHints":{"allow":["GET"]}}],"collection":[{"href":"https:\/\/www.sublimadosaiki.com.ar\/store\/wp-json\/wp\/v2\/product"}],"about":[{"href":"https:\/\/www.sublimadosaiki.com.ar\/store\/wp-json\/wp\/v2\/types\/product"}],"replies":[{"embeddable":true,"href":"https:\/\/www.sublimadosaiki.com.ar\/store\/wp-json\/wp\/v2\/comments?post=915"}],"version-history":[{"count":1,"href":"https:\/\/www.sublimadosaiki.com.ar\/store\/wp-json\/wp\/v2\/product\/915\/revisions"}],"predecessor-version":[{"id":928,"href":"https:\/\/www.sublimadosaiki.com.ar\/store\/wp-json\/wp\/v2\/product\/915\/revisions\/928"}],"wp:featuredmedia":[{"embeddable":true,"href":"https:\/\/www.sublimadosaiki.com.ar\/store\/wp-json\/wp\/v2\/media\/916"}],"wp:attachment":[{"href":"https:\/\/www.sublimadosaiki.com.ar\/store\/wp-json\/wp\/v2\/media?parent=915"}],"wp:term":[{"taxonomy":"product_brand","embeddable":true,"href":"https:\/\/www.sublimadosaiki.com.ar\/store\/wp-json\/wp\/v2\/product_brand?post=915"},{"taxonomy":"product_cat","embeddable":true,"href":"https:\/\/www.sublimadosaiki.com.ar\/store\/wp-json\/wp\/v2\/product_cat?post=915"},{"taxonomy":"product_tag","embeddable":true,"href":"https:\/\/www.sublimadosaiki.com.ar\/store\/wp-json\/wp\/v2\/product_tag?post=915"}],"curies":[{"name":"wp","href":"https:\/\/api.w.org\/{rel}","templated":true}]}}