{"id":742,"date":"2020-04-25T12:39:06","date_gmt":"2020-04-25T15:39:06","guid":{"rendered":"https:\/\/www.sublimadosaiki.com.ar\/?post_type=product&#038;p=742"},"modified":"2023-02-08T11:42:45","modified_gmt":"2023-02-08T14:42:45","slug":"almohadones-rectangulares-personalizados-y-bordados","status":"publish","type":"product","link":"https:\/\/www.sublimadosaiki.com.ar\/store\/producto\/almohadones-rectangulares-personalizados-y-bordados\/","title":{"rendered":"ALMOHADONES RECTANGULARES PERSONALIZADOS Y BORDADOS"},"content":{"rendered":"<p><img fetchpriority=\"high\" decoding=\"async\" class=\"alignnone size-medium wp-image-743\" src=\"https:\/\/www.sublimadosaiki.com.ar\/wp-content\/uploads\/2020\/04\/FB_IMG_1581597850268-225x300.jpg\" alt=\"\" width=\"225\" height=\"300\" srcset=\"https:\/\/www.sublimadosaiki.com.ar\/store\/wp-content\/uploads\/2020\/04\/FB_IMG_1581597850268-225x300.jpg 225w, https:\/\/www.sublimadosaiki.com.ar\/store\/wp-content\/uploads\/2020\/04\/FB_IMG_1581597850268-600x800.jpg 600w, https:\/\/www.sublimadosaiki.com.ar\/store\/wp-content\/uploads\/2020\/04\/FB_IMG_1581597850268.jpg 720w\" sizes=\"(max-width: 225px) 100vw, 225px\" \/><\/p>\n","protected":false},"excerpt":{"rendered":"<p>ESTOS ALMOHADONES SON IDEALES PARA LOS BEB\u00c9S , PARA DECORAR LA CUNA , SU HABITACI\u00d3N O PARA QUE\u00a0 EST\u00c9N\u00a0 M\u00c1S C\u00d3MODOS. LE BORDAMOS EL NOMBRE QUE QUIERAS PODES ELEGIR EL COLOR DE BORDADO, CONSULTA ESTAMPADOS DE TELAS DIS\u00d3NIBLES AL MOMENTO DE PEDIRLOS, VIENEN DE VARIAS MEDIDAS, ES UN PRODUCTO CONFECCIONADO \u00b4POR MY WORLD BY ADRI Y BORDADO POR SUBLIAMDOS AIKI.<\/p>\n","protected":false},"featured_media":743,"comment_status":"open","ping_status":"closed","template":"","meta":{"_joinchat":[]},"product_brand":[],"product_cat":[68],"product_tag":[],"class_list":{"0":"post-742","1":"product","2":"type-product","3":"status-publish","4":"has-post-thumbnail","6":"product_cat-mama-y-bebe","8":"first","9":"instock","10":"taxable","11":"shipping-taxable","12":"purchasable","13":"product-type-simple"},"_links":{"self":[{"href":"https:\/\/www.sublimadosaiki.com.ar\/store\/wp-json\/wp\/v2\/product\/742","targetHints":{"allow":["GET"]}}],"collection":[{"href":"https:\/\/www.sublimadosaiki.com.ar\/store\/wp-json\/wp\/v2\/product"}],"about":[{"href":"https:\/\/www.sublimadosaiki.com.ar\/store\/wp-json\/wp\/v2\/types\/product"}],"replies":[{"embeddable":true,"href":"https:\/\/www.sublimadosaiki.com.ar\/store\/wp-json\/wp\/v2\/comments?post=742"}],"version-history":[{"count":1,"href":"https:\/\/www.sublimadosaiki.com.ar\/store\/wp-json\/wp\/v2\/product\/742\/revisions"}],"predecessor-version":[{"id":744,"href":"https:\/\/www.sublimadosaiki.com.ar\/store\/wp-json\/wp\/v2\/product\/742\/revisions\/744"}],"wp:featuredmedia":[{"embeddable":true,"href":"https:\/\/www.sublimadosaiki.com.ar\/store\/wp-json\/wp\/v2\/media\/743"}],"wp:attachment":[{"href":"https:\/\/www.sublimadosaiki.com.ar\/store\/wp-json\/wp\/v2\/media?parent=742"}],"wp:term":[{"taxonomy":"product_brand","embeddable":true,"href":"https:\/\/www.sublimadosaiki.com.ar\/store\/wp-json\/wp\/v2\/product_brand?post=742"},{"taxonomy":"product_cat","embeddable":true,"href":"https:\/\/www.sublimadosaiki.com.ar\/store\/wp-json\/wp\/v2\/product_cat?post=742"},{"taxonomy":"product_tag","embeddable":true,"href":"https:\/\/www.sublimadosaiki.com.ar\/store\/wp-json\/wp\/v2\/product_tag?post=742"}],"curies":[{"name":"wp","href":"https:\/\/api.w.org\/{rel}","templated":true}]}}