{"id":726,"date":"2020-04-24T20:15:20","date_gmt":"2020-04-24T23:15:20","guid":{"rendered":"https:\/\/www.sublimadosaiki.com.ar\/?post_type=product&#038;p=726"},"modified":"2025-01-23T14:38:44","modified_gmt":"2025-01-23T17:38:44","slug":"set-base-con-plato-sublimado","status":"publish","type":"product","link":"https:\/\/www.sublimadosaiki.com.ar\/store\/producto\/set-base-con-plato-sublimado\/","title":{"rendered":"SET BASE CON PLATO SUBLIMADO"},"content":{"rendered":"<p><img fetchpriority=\"high\" decoding=\"async\" class=\"alignnone size-medium wp-image-727\" src=\"https:\/\/www.sublimadosaiki.com.ar\/wp-content\/uploads\/2020\/04\/DSC_0649-300x169.jpg\" alt=\"\" width=\"300\" height=\"169\" srcset=\"https:\/\/www.sublimadosaiki.com.ar\/store\/wp-content\/uploads\/2020\/04\/DSC_0649-300x169.jpg 300w, https:\/\/www.sublimadosaiki.com.ar\/store\/wp-content\/uploads\/2020\/04\/DSC_0649-600x338.jpg 600w, https:\/\/www.sublimadosaiki.com.ar\/store\/wp-content\/uploads\/2020\/04\/DSC_0649-1024x576.jpg 1024w, https:\/\/www.sublimadosaiki.com.ar\/store\/wp-content\/uploads\/2020\/04\/DSC_0649-768x432.jpg 768w, https:\/\/www.sublimadosaiki.com.ar\/store\/wp-content\/uploads\/2020\/04\/DSC_0649-1536x864.jpg 1536w, https:\/\/www.sublimadosaiki.com.ar\/store\/wp-content\/uploads\/2020\/04\/DSC_0649.jpg 1920w\" sizes=\"(max-width: 300px) 100vw, 300px\" \/><\/p>\n","protected":false},"excerpt":{"rendered":"<p>ESTE SET TRAE MANTEL 35X25CM. SERVILLETA DE 20X 20 CM(LOS DOS SON DE TELA TROPICAL MEC\u00c1NICO LAVABLE) TOALLA DE 35X25CM DE SECADO R\u00c1PIDO (VIENE CON CORD\u00d3N PARA COLGAR, TAZA , PLATO Y CUCHARA TODO DE PL\u00c1STICO Y SUBLIMADO. LOS DIBUJOS SON A ELECCI\u00d3N, SOLICITE CAT\u00c1LOGO.<\/p>\n","protected":false},"featured_media":727,"comment_status":"open","ping_status":"closed","template":"","meta":{"_joinchat":[]},"product_brand":[],"product_cat":[73],"product_tag":[],"class_list":{"0":"post-726","1":"product","2":"type-product","3":"status-publish","4":"has-post-thumbnail","6":"product_cat-sets-de-jardin","8":"first","9":"instock","10":"taxable","11":"shipping-taxable","12":"product-type-simple"},"_links":{"self":[{"href":"https:\/\/www.sublimadosaiki.com.ar\/store\/wp-json\/wp\/v2\/product\/726","targetHints":{"allow":["GET"]}}],"collection":[{"href":"https:\/\/www.sublimadosaiki.com.ar\/store\/wp-json\/wp\/v2\/product"}],"about":[{"href":"https:\/\/www.sublimadosaiki.com.ar\/store\/wp-json\/wp\/v2\/types\/product"}],"replies":[{"embeddable":true,"href":"https:\/\/www.sublimadosaiki.com.ar\/store\/wp-json\/wp\/v2\/comments?post=726"}],"version-history":[{"count":1,"href":"https:\/\/www.sublimadosaiki.com.ar\/store\/wp-json\/wp\/v2\/product\/726\/revisions"}],"predecessor-version":[{"id":728,"href":"https:\/\/www.sublimadosaiki.com.ar\/store\/wp-json\/wp\/v2\/product\/726\/revisions\/728"}],"wp:featuredmedia":[{"embeddable":true,"href":"https:\/\/www.sublimadosaiki.com.ar\/store\/wp-json\/wp\/v2\/media\/727"}],"wp:attachment":[{"href":"https:\/\/www.sublimadosaiki.com.ar\/store\/wp-json\/wp\/v2\/media?parent=726"}],"wp:term":[{"taxonomy":"product_brand","embeddable":true,"href":"https:\/\/www.sublimadosaiki.com.ar\/store\/wp-json\/wp\/v2\/product_brand?post=726"},{"taxonomy":"product_cat","embeddable":true,"href":"https:\/\/www.sublimadosaiki.com.ar\/store\/wp-json\/wp\/v2\/product_cat?post=726"},{"taxonomy":"product_tag","embeddable":true,"href":"https:\/\/www.sublimadosaiki.com.ar\/store\/wp-json\/wp\/v2\/product_tag?post=726"}],"curies":[{"name":"wp","href":"https:\/\/api.w.org\/{rel}","templated":true}]}}