{"id":679,"date":"2020-04-24T15:25:17","date_gmt":"2020-04-24T18:25:17","guid":{"rendered":"https:\/\/www.sublimadosaiki.com.ar\/?post_type=product&#038;p=679"},"modified":"2023-10-06T20:11:10","modified_gmt":"2023-10-06T23:11:10","slug":"remeras-personalizadas-con-dorado","status":"publish","type":"product","link":"https:\/\/www.sublimadosaiki.com.ar\/store\/producto\/remeras-personalizadas-con-dorado\/","title":{"rendered":"REMERAS PERSONALIZADAS CON DORADO"},"content":{"rendered":"<p><img fetchpriority=\"high\" decoding=\"async\" class=\"alignnone size-medium wp-image-680\" src=\"https:\/\/www.sublimadosaiki.com.ar\/wp-content\/uploads\/2020\/04\/20180811_151405-300x225.jpg\" alt=\"\" width=\"300\" height=\"225\" srcset=\"https:\/\/www.sublimadosaiki.com.ar\/store\/wp-content\/uploads\/2020\/04\/20180811_151405-300x225.jpg 300w, https:\/\/www.sublimadosaiki.com.ar\/store\/wp-content\/uploads\/2020\/04\/20180811_151405-scaled-600x450.jpg 600w, https:\/\/www.sublimadosaiki.com.ar\/store\/wp-content\/uploads\/2020\/04\/20180811_151405-1024x768.jpg 1024w, https:\/\/www.sublimadosaiki.com.ar\/store\/wp-content\/uploads\/2020\/04\/20180811_151405-768x576.jpg 768w, https:\/\/www.sublimadosaiki.com.ar\/store\/wp-content\/uploads\/2020\/04\/20180811_151405-1536x1152.jpg 1536w, https:\/\/www.sublimadosaiki.com.ar\/store\/wp-content\/uploads\/2020\/04\/20180811_151405-2048x1536.jpg 2048w\" sizes=\"(max-width: 300px) 100vw, 300px\" \/><\/p>\n","protected":false},"excerpt":{"rendered":"<p>REMERAS CON ESTAMPA EN DORADO. LA REMERA ES DE ALGOD\u00d3N LA FECHA PONEMOS LA QUE QUIERAS. TE DAMOS LAS INDICACIONES PARA QUE LA LAVES Y TE DURE M\u00c1S. LAS REMERAS SON DE DOBLE ALGOD\u00d3N PEINADO.<\/p>\n","protected":false},"featured_media":680,"comment_status":"open","ping_status":"closed","template":"","meta":{"_joinchat":[]},"product_brand":[],"product_cat":[35],"product_tag":[],"class_list":{"0":"post-679","1":"product","2":"type-product","3":"status-publish","4":"has-post-thumbnail","6":"product_cat-remeras-con-fechas","8":"first","9":"instock","10":"taxable","11":"shipping-taxable","12":"product-type-simple"},"_links":{"self":[{"href":"https:\/\/www.sublimadosaiki.com.ar\/store\/wp-json\/wp\/v2\/product\/679","targetHints":{"allow":["GET"]}}],"collection":[{"href":"https:\/\/www.sublimadosaiki.com.ar\/store\/wp-json\/wp\/v2\/product"}],"about":[{"href":"https:\/\/www.sublimadosaiki.com.ar\/store\/wp-json\/wp\/v2\/types\/product"}],"replies":[{"embeddable":true,"href":"https:\/\/www.sublimadosaiki.com.ar\/store\/wp-json\/wp\/v2\/comments?post=679"}],"version-history":[{"count":1,"href":"https:\/\/www.sublimadosaiki.com.ar\/store\/wp-json\/wp\/v2\/product\/679\/revisions"}],"predecessor-version":[{"id":687,"href":"https:\/\/www.sublimadosaiki.com.ar\/store\/wp-json\/wp\/v2\/product\/679\/revisions\/687"}],"wp:featuredmedia":[{"embeddable":true,"href":"https:\/\/www.sublimadosaiki.com.ar\/store\/wp-json\/wp\/v2\/media\/680"}],"wp:attachment":[{"href":"https:\/\/www.sublimadosaiki.com.ar\/store\/wp-json\/wp\/v2\/media?parent=679"}],"wp:term":[{"taxonomy":"product_brand","embeddable":true,"href":"https:\/\/www.sublimadosaiki.com.ar\/store\/wp-json\/wp\/v2\/product_brand?post=679"},{"taxonomy":"product_cat","embeddable":true,"href":"https:\/\/www.sublimadosaiki.com.ar\/store\/wp-json\/wp\/v2\/product_cat?post=679"},{"taxonomy":"product_tag","embeddable":true,"href":"https:\/\/www.sublimadosaiki.com.ar\/store\/wp-json\/wp\/v2\/product_tag?post=679"}],"curies":[{"name":"wp","href":"https:\/\/api.w.org\/{rel}","templated":true}]}}