{"id":449,"date":"2020-04-21T19:21:00","date_gmt":"2020-04-21T22:21:00","guid":{"rendered":"https:\/\/www.sublimadosaiki.com.ar\/?post_type=product&#038;p=449"},"modified":"2024-02-06T15:37:01","modified_gmt":"2024-02-06T18:37:01","slug":"body-personalizado-tutu-vincha","status":"publish","type":"product","link":"https:\/\/www.sublimadosaiki.com.ar\/store\/producto\/body-personalizado-tutu-vincha\/","title":{"rendered":"BODY BRILLO- PERSONALIZADO +TUT\u00da+VINCHA"},"content":{"rendered":"<ul>\n<li><img fetchpriority=\"high\" decoding=\"async\" class=\"alignnone size-medium wp-image-450\" src=\"https:\/\/www.sublimadosaiki.com.ar\/wp-content\/uploads\/2020\/04\/20200306_212308-169x300.jpg\" alt=\"\" width=\"169\" height=\"300\" srcset=\"https:\/\/www.sublimadosaiki.com.ar\/store\/wp-content\/uploads\/2020\/04\/20200306_212308-169x300.jpg 169w, https:\/\/www.sublimadosaiki.com.ar\/store\/wp-content\/uploads\/2020\/04\/20200306_212308-600x1067.jpg 600w, https:\/\/www.sublimadosaiki.com.ar\/store\/wp-content\/uploads\/2020\/04\/20200306_212308-576x1024.jpg 576w, https:\/\/www.sublimadosaiki.com.ar\/store\/wp-content\/uploads\/2020\/04\/20200306_212308-768x1365.jpg 768w, https:\/\/www.sublimadosaiki.com.ar\/store\/wp-content\/uploads\/2020\/04\/20200306_212308-864x1536.jpg 864w, https:\/\/www.sublimadosaiki.com.ar\/store\/wp-content\/uploads\/2020\/04\/20200306_212308.jpg 1080w\" sizes=\"(max-width: 169px) 100vw, 169px\" \/><\/li>\n<\/ul>\n","protected":false},"excerpt":{"rendered":"<p>Conjunto bebe, body personalizado, tutu del color que quieras y vinchita en compos\u00e9. Ideales para los cumples de los m\u00e1s peque\u00f1itos. Podes agregarle glitter.<\/p>\n","protected":false},"featured_media":450,"comment_status":"open","ping_status":"closed","template":"","meta":{"_joinchat":[]},"product_brand":[],"product_cat":[42],"product_tag":[],"class_list":{"0":"post-449","1":"product","2":"type-product","3":"status-publish","4":"has-post-thumbnail","6":"product_cat-bebes","8":"first","9":"instock","10":"taxable","11":"shipping-taxable","12":"purchasable","13":"product-type-simple"},"_links":{"self":[{"href":"https:\/\/www.sublimadosaiki.com.ar\/store\/wp-json\/wp\/v2\/product\/449","targetHints":{"allow":["GET"]}}],"collection":[{"href":"https:\/\/www.sublimadosaiki.com.ar\/store\/wp-json\/wp\/v2\/product"}],"about":[{"href":"https:\/\/www.sublimadosaiki.com.ar\/store\/wp-json\/wp\/v2\/types\/product"}],"replies":[{"embeddable":true,"href":"https:\/\/www.sublimadosaiki.com.ar\/store\/wp-json\/wp\/v2\/comments?post=449"}],"version-history":[{"count":3,"href":"https:\/\/www.sublimadosaiki.com.ar\/store\/wp-json\/wp\/v2\/product\/449\/revisions"}],"predecessor-version":[{"id":1423,"href":"https:\/\/www.sublimadosaiki.com.ar\/store\/wp-json\/wp\/v2\/product\/449\/revisions\/1423"}],"wp:featuredmedia":[{"embeddable":true,"href":"https:\/\/www.sublimadosaiki.com.ar\/store\/wp-json\/wp\/v2\/media\/450"}],"wp:attachment":[{"href":"https:\/\/www.sublimadosaiki.com.ar\/store\/wp-json\/wp\/v2\/media?parent=449"}],"wp:term":[{"taxonomy":"product_brand","embeddable":true,"href":"https:\/\/www.sublimadosaiki.com.ar\/store\/wp-json\/wp\/v2\/product_brand?post=449"},{"taxonomy":"product_cat","embeddable":true,"href":"https:\/\/www.sublimadosaiki.com.ar\/store\/wp-json\/wp\/v2\/product_cat?post=449"},{"taxonomy":"product_tag","embeddable":true,"href":"https:\/\/www.sublimadosaiki.com.ar\/store\/wp-json\/wp\/v2\/product_tag?post=449"}],"curies":[{"name":"wp","href":"https:\/\/api.w.org\/{rel}","templated":true}]}}