{"id":1082,"date":"2020-05-01T18:11:48","date_gmt":"2020-05-01T21:11:48","guid":{"rendered":"https:\/\/www.sublimadosaiki.com.ar\/?post_type=product&#038;p=1082"},"modified":"2024-04-29T16:35:26","modified_gmt":"2024-04-29T19:35:26","slug":"remeras-algodon-de-ninos","status":"publish","type":"product","link":"https:\/\/www.sublimadosaiki.com.ar\/store\/producto\/remeras-algodon-de-ninos\/","title":{"rendered":"REMERAS ALGOD\u00d3N DE NI\u00d1OS"},"content":{"rendered":"<p><img fetchpriority=\"high\" decoding=\"async\" class=\"alignnone size-medium wp-image-1083\" src=\"https:\/\/www.sublimadosaiki.com.ar\/wp-content\/uploads\/2020\/05\/20180720_154946-300x225.jpg\" alt=\"\" width=\"300\" height=\"225\" srcset=\"https:\/\/www.sublimadosaiki.com.ar\/store\/wp-content\/uploads\/2020\/05\/20180720_154946-300x225.jpg 300w, https:\/\/www.sublimadosaiki.com.ar\/store\/wp-content\/uploads\/2020\/05\/20180720_154946-600x450.jpg 600w, https:\/\/www.sublimadosaiki.com.ar\/store\/wp-content\/uploads\/2020\/05\/20180720_154946-1024x768.jpg 1024w, https:\/\/www.sublimadosaiki.com.ar\/store\/wp-content\/uploads\/2020\/05\/20180720_154946-768x576.jpg 768w, https:\/\/www.sublimadosaiki.com.ar\/store\/wp-content\/uploads\/2020\/05\/20180720_154946-1536x1152.jpg 1536w, https:\/\/www.sublimadosaiki.com.ar\/store\/wp-content\/uploads\/2020\/05\/20180720_154946-2048x1536.jpg 2048w\" sizes=\"(max-width: 300px) 100vw, 300px\" \/>remeras algod\u00f3n de ni\u00f1os<\/p>\n","protected":false},"excerpt":{"rendered":"<p>REMERAS DE ALGOD\u00d3N PARA NI\u00d1OS PERSONALIZADAS, PODES ELEGIR EL DIBUJO,QUE QUIERAS , ADEM\u00c1S HAY DISPONIBLE OTROS COLORES DE REMERAS. LAS ESTAMPAS ESTAN HECHAS DIRECTO A LA TELA, FUL COLOR. NO SE SALE AL LAVARLA.<\/p>\n","protected":false},"featured_media":1083,"comment_status":"open","ping_status":"closed","template":"","meta":{"_joinchat":[]},"product_brand":[],"product_cat":[24],"product_tag":[],"class_list":{"0":"post-1082","1":"product","2":"type-product","3":"status-publish","4":"has-post-thumbnail","6":"product_cat-remeras-de-ninos","8":"first","9":"instock","10":"taxable","11":"shipping-taxable","12":"purchasable","13":"product-type-simple"},"_links":{"self":[{"href":"https:\/\/www.sublimadosaiki.com.ar\/store\/wp-json\/wp\/v2\/product\/1082","targetHints":{"allow":["GET"]}}],"collection":[{"href":"https:\/\/www.sublimadosaiki.com.ar\/store\/wp-json\/wp\/v2\/product"}],"about":[{"href":"https:\/\/www.sublimadosaiki.com.ar\/store\/wp-json\/wp\/v2\/types\/product"}],"replies":[{"embeddable":true,"href":"https:\/\/www.sublimadosaiki.com.ar\/store\/wp-json\/wp\/v2\/comments?post=1082"}],"version-history":[{"count":1,"href":"https:\/\/www.sublimadosaiki.com.ar\/store\/wp-json\/wp\/v2\/product\/1082\/revisions"}],"predecessor-version":[{"id":1092,"href":"https:\/\/www.sublimadosaiki.com.ar\/store\/wp-json\/wp\/v2\/product\/1082\/revisions\/1092"}],"wp:featuredmedia":[{"embeddable":true,"href":"https:\/\/www.sublimadosaiki.com.ar\/store\/wp-json\/wp\/v2\/media\/1083"}],"wp:attachment":[{"href":"https:\/\/www.sublimadosaiki.com.ar\/store\/wp-json\/wp\/v2\/media?parent=1082"}],"wp:term":[{"taxonomy":"product_brand","embeddable":true,"href":"https:\/\/www.sublimadosaiki.com.ar\/store\/wp-json\/wp\/v2\/product_brand?post=1082"},{"taxonomy":"product_cat","embeddable":true,"href":"https:\/\/www.sublimadosaiki.com.ar\/store\/wp-json\/wp\/v2\/product_cat?post=1082"},{"taxonomy":"product_tag","embeddable":true,"href":"https:\/\/www.sublimadosaiki.com.ar\/store\/wp-json\/wp\/v2\/product_tag?post=1082"}],"curies":[{"name":"wp","href":"https:\/\/api.w.org\/{rel}","templated":true}]}}